{"id":8,"date":"2025-09-19T11:13:06","date_gmt":"2025-09-19T09:13:06","guid":{"rendered":"http:\/\/localhost:8888\/wordpress\/?page_id=8"},"modified":"2025-10-21T15:06:52","modified_gmt":"2025-10-21T13:06:52","slug":"qui-suis-je","status":"publish","type":"page","link":"https:\/\/valerieandrerichiardi.fr\/index.php\/qui-suis-je\/","title":{"rendered":"Qui suis-je ?"},"content":{"rendered":"\n<h2 class=\"wp-block-heading\">Mon Histoire<\/h2>\n\n\n\n<figure class=\"wp-block-image alignleft is-resized\"><img loading=\"lazy\" decoding=\"async\" width=\"591\" height=\"472\" src=\"https:\/\/valerieandrerichiardi.fr\/wp-content\/uploads\/2025\/10\/2-edited.jpg\" alt=\"\" class=\"wp-image-62\" style=\"width:537px;height:auto\" srcset=\"https:\/\/valerieandrerichiardi.fr\/wp-content\/uploads\/2025\/10\/2-edited.jpg 591w, https:\/\/valerieandrerichiardi.fr\/wp-content\/uploads\/2025\/10\/2-edited-300x240.jpg 300w\" sizes=\"auto, (max-width: 591px) 100vw, 591px\" \/><\/figure>\n\n\n\n<p>Val\u00e9rie Andr\u00e9 Richiardi est passionn\u00e9e d\u2019animaux : trois chiens, deux chats, un lapin nain, deux cochons d\u2019inde et deux chevaux qu&rsquo;elle monte en balade, et avec lesquels elle suit des cours d\u2019\u00e9thologie adapt\u00e9<em>(science qui \u00e9tudie le comportement du cheval dans son milieu naturel).<\/em><\/p>\n\n\n\n<p>Apr\u00e8s une carri\u00e8re d\u2019aide M\u00e9dico Psychologique dans plusieurs Etablissements pour Personnes Ag\u00e9es D\u00e9pendantes (EHPAD) ainsi qu\u2019une solide exp\u00e9rience d\u2019assistante de soins en g\u00e9rontologie au sein des \u00e9quipes Sp\u00e9cialis\u00e9s Alzheimer (ESA) de l\u2019ADPA, elle d\u00e9cide de faire de sa passion son m\u00e9tier et de se former \u00e0 la zooth\u00e9rapie.<\/p>\n\n\n\n<p>Dans le cadre des ESA, elle a d\u00e9j\u00e0 eu l\u2019occasion d\u2019utiliser la m\u00e9diation animale, au cours des s\u00e9ances de r\u00e9habilitation en lien avec ses coll\u00e8gues ergoth\u00e9rapeutes ou psychomotriciens.<\/p>\n\n\n\n<p>Son travail consiste a \u00eatre accompagn\u00e9 de ses animaux m\u00e9diateurs pour atteindre des objectifs th\u00e9rapeutiques tr\u00e8s pr\u00e9cis afin d&rsquo;analyser les s\u00e9ances et d&rsquo;en conclure un bilan.<\/p>\n\n\n\n<p><\/p>\n","protected":false},"excerpt":{"rendered":"<p>Mon Histoire Val\u00e9rie Andr\u00e9 Richiardi est passionn\u00e9e d\u2019animaux : trois chiens, deux chats, un lapin nain, deux cochons d\u2019inde et deux chevaux qu&rsquo;elle monte en balade, et avec lesquels elle suit des cours d\u2019\u00e9thologie adapt\u00e9(science qui \u00e9tudie le comportement du cheval dans son milieu naturel). Apr\u00e8s une carri\u00e8re d\u2019aide M\u00e9dico Psychologique dans plusieurs Etablissements pour [&hellip;]<\/p>\n","protected":false},"author":1,"featured_media":0,"parent":0,"menu_order":0,"comment_status":"closed","ping_status":"closed","template":"","meta":{"footnotes":""},"class_list":["post-8","page","type-page","status-publish","hentry"],"_links":{"self":[{"href":"https:\/\/valerieandrerichiardi.fr\/index.php\/wp-json\/wp\/v2\/pages\/8","targetHints":{"allow":["GET"]}}],"collection":[{"href":"https:\/\/valerieandrerichiardi.fr\/index.php\/wp-json\/wp\/v2\/pages"}],"about":[{"href":"https:\/\/valerieandrerichiardi.fr\/index.php\/wp-json\/wp\/v2\/types\/page"}],"author":[{"embeddable":true,"href":"https:\/\/valerieandrerichiardi.fr\/index.php\/wp-json\/wp\/v2\/users\/1"}],"replies":[{"embeddable":true,"href":"https:\/\/valerieandrerichiardi.fr\/index.php\/wp-json\/wp\/v2\/comments?post=8"}],"version-history":[{"count":5,"href":"https:\/\/valerieandrerichiardi.fr\/index.php\/wp-json\/wp\/v2\/pages\/8\/revisions"}],"predecessor-version":[{"id":65,"href":"https:\/\/valerieandrerichiardi.fr\/index.php\/wp-json\/wp\/v2\/pages\/8\/revisions\/65"}],"wp:attachment":[{"href":"https:\/\/valerieandrerichiardi.fr\/index.php\/wp-json\/wp\/v2\/media?parent=8"}],"curies":[{"name":"wp","href":"https:\/\/api.w.org\/{rel}","templated":true}]}}