{"id":60,"date":"2025-10-21T15:05:35","date_gmt":"2025-10-21T13:05:35","guid":{"rendered":"http:\/\/localhost:8888\/wordpress\/?page_id=60"},"modified":"2026-01-21T12:04:33","modified_gmt":"2026-01-21T11:04:33","slug":"mes-animaux","status":"publish","type":"page","link":"https:\/\/valerieandrerichiardi.fr\/index.php\/mes-animaux\/","title":{"rendered":"Mes Animaux"},"content":{"rendered":"\n<div class=\"wp-block-group alignfull has-ti-fg-alt-color has-ti-accent-secondary-background-color has-text-color has-background has-link-color wp-elements-e16555d60d323d5eb43f234c722c6172 is-layout-constrained wp-container-core-group-is-layout-2037270e wp-block-group-is-layout-constrained\" style=\"margin-top:0;margin-bottom:0;padding-top:var(--wp--preset--spacing--80);padding-right:var(--wp--preset--spacing--40);padding-bottom:var(--wp--preset--spacing--80);padding-left:var(--wp--preset--spacing--40)\">\n<div class=\"wp-block-columns has-ti-fg-color has-ti-bg-background-color has-text-color has-background has-link-color wp-elements-c10936686f33eb42dfda506916da83a8 is-layout-flex wp-container-core-columns-is-layout-83d8d5f7 wp-block-columns-is-layout-flex\" style=\"padding-top:0;padding-right:0;padding-bottom:0;padding-left:0\">\n<div class=\"wp-block-column is-layout-flow wp-block-column-is-layout-flow\" style=\"flex-basis:40%\">\n<figure class=\"wp-block-image size-full has-custom-border\"><img loading=\"lazy\" decoding=\"async\" width=\"1530\" height=\"861\" src=\"https:\/\/valerieandrerichiardi.fr\/wp-content\/uploads\/2025\/10\/IMG-20250407-WA0007-edited.jpg\" alt=\"\" class=\"wp-image-67\" style=\"border-left-color:var(--wp--preset--color--ti-accent-secondary);border-left-width:16px;aspect-ratio:1;object-fit:cover\" srcset=\"https:\/\/valerieandrerichiardi.fr\/wp-content\/uploads\/2025\/10\/IMG-20250407-WA0007-edited.jpg 1530w, https:\/\/valerieandrerichiardi.fr\/wp-content\/uploads\/2025\/10\/IMG-20250407-WA0007-edited-300x169.jpg 300w, https:\/\/valerieandrerichiardi.fr\/wp-content\/uploads\/2025\/10\/IMG-20250407-WA0007-edited-1024x576.jpg 1024w, https:\/\/valerieandrerichiardi.fr\/wp-content\/uploads\/2025\/10\/IMG-20250407-WA0007-edited-768x432.jpg 768w\" sizes=\"auto, (max-width: 1530px) 100vw, 1530px\" \/><\/figure>\n<\/div>\n\n\n\n<div class=\"wp-block-column is-vertically-aligned-center is-layout-flow wp-container-core-column-is-layout-e17ba290 wp-block-column-is-layout-flow\" style=\"padding-top:var(--wp--preset--spacing--60);padding-right:var(--wp--preset--spacing--40);padding-bottom:var(--wp--preset--spacing--60);padding-left:var(--wp--preset--spacing--40)\">\n<h3 class=\"wp-block-heading\">Oslo<\/h3>\n\n\n\n<p>Oslo est un chien de 5 ans, crois\u00e9 border collie et berger australien. Doux, patient et attentionn\u00e9, il excelle dans la m\u00e9diation animale aupr\u00e8s des enfants en situation de handicap et des personnes \u00e2g\u00e9es. \u00c0 travers des jeux adapt\u00e9s, Oslo aide \u00e0 renforcer l\u2019estime de soi et la confiance en soi. Son \u00e9coute et sa bienveillance font de lui un partenaire id\u00e9al pour accompagner et apporter du r\u00e9confort.<\/p>\n<\/div>\n<\/div>\n\n\n\n<div class=\"wp-block-columns has-ti-fg-color has-ti-bg-background-color has-text-color has-background has-link-color wp-elements-95f16bd41be0a601372bcc6a610f0a4e is-layout-flex wp-container-core-columns-is-layout-83d8d5f7 wp-block-columns-is-layout-flex\" style=\"padding-top:0;padding-right:0;padding-bottom:0;padding-left:0\">\n<div class=\"wp-block-column is-layout-flow wp-block-column-is-layout-flow\" style=\"flex-basis:40%\">\n<figure class=\"wp-block-image size-full has-custom-border\"><img loading=\"lazy\" decoding=\"async\" width=\"1530\" height=\"861\" src=\"https:\/\/valerieandrerichiardi.fr\/wp-content\/uploads\/2025\/10\/IMG-20250407-WA0006-edited.jpg\" alt=\"\" class=\"wp-image-69\" style=\"border-left-color:var(--wp--preset--color--ti-accent-secondary);border-left-width:16px;aspect-ratio:1;object-fit:cover\" srcset=\"https:\/\/valerieandrerichiardi.fr\/wp-content\/uploads\/2025\/10\/IMG-20250407-WA0006-edited.jpg 1530w, https:\/\/valerieandrerichiardi.fr\/wp-content\/uploads\/2025\/10\/IMG-20250407-WA0006-edited-300x169.jpg 300w, https:\/\/valerieandrerichiardi.fr\/wp-content\/uploads\/2025\/10\/IMG-20250407-WA0006-edited-1024x576.jpg 1024w, https:\/\/valerieandrerichiardi.fr\/wp-content\/uploads\/2025\/10\/IMG-20250407-WA0006-edited-768x432.jpg 768w\" sizes=\"auto, (max-width: 1530px) 100vw, 1530px\" \/><\/figure>\n<\/div>\n\n\n\n<div class=\"wp-block-column is-vertically-aligned-center is-layout-flow wp-container-core-column-is-layout-e17ba290 wp-block-column-is-layout-flow\" style=\"padding-top:var(--wp--preset--spacing--60);padding-right:var(--wp--preset--spacing--40);padding-bottom:var(--wp--preset--spacing--60);padding-left:var(--wp--preset--spacing--40)\">\n<h3 class=\"wp-block-heading\">Beethoven<\/h3>\n\n\n\n<p>Beethoven est un griffon crois\u00e9 labrador de 4 ans, adopt\u00e9 il y a trois ans apr\u00e8s un d\u00e9but de vie difficile. Il est tr\u00e8s affectueux, aime les caresses, et est particuli\u00e8rement proche des enfants et des personnes \u00e2g\u00e9es dans le cadre de la m\u00e9diation animale. Il participe \u00e0 des jeux et des parcours adapt\u00e9s aux pathologies des participants, ce qui rend ses interventions \u00e0 la fois bienveillantes et adapt\u00e9es.<\/p>\n<\/div>\n<\/div>\n\n\n\n<div class=\"wp-block-columns has-ti-fg-color has-ti-bg-background-color has-text-color has-background has-link-color wp-elements-dda0e4127b890603e196b14785d233fe is-layout-flex wp-container-core-columns-is-layout-83d8d5f7 wp-block-columns-is-layout-flex\" style=\"padding-top:0;padding-right:0;padding-bottom:0;padding-left:0\">\n<div class=\"wp-block-column is-layout-flow wp-block-column-is-layout-flow\" style=\"flex-basis:40%\">\n<figure class=\"wp-block-image size-full has-custom-border\"><img loading=\"lazy\" decoding=\"async\" width=\"720\" height=\"405\" src=\"https:\/\/valerieandrerichiardi.fr\/wp-content\/uploads\/2025\/10\/IMG-20250407-WA0001-edited.jpg\" alt=\"\" class=\"wp-image-71\" style=\"border-left-color:var(--wp--preset--color--ti-accent-secondary);border-left-width:16px;aspect-ratio:1;object-fit:cover\" srcset=\"https:\/\/valerieandrerichiardi.fr\/wp-content\/uploads\/2025\/10\/IMG-20250407-WA0001-edited.jpg 720w, https:\/\/valerieandrerichiardi.fr\/wp-content\/uploads\/2025\/10\/IMG-20250407-WA0001-edited-300x169.jpg 300w\" sizes=\"auto, (max-width: 720px) 100vw, 720px\" \/><\/figure>\n<\/div>\n\n\n\n<div class=\"wp-block-column is-vertically-aligned-center is-layout-flow wp-container-core-column-is-layout-e17ba290 wp-block-column-is-layout-flow\" style=\"padding-top:var(--wp--preset--spacing--60);padding-right:var(--wp--preset--spacing--40);padding-bottom:var(--wp--preset--spacing--60);padding-left:var(--wp--preset--spacing--40)\">\n<h3 class=\"wp-block-heading\">Alto<\/h3>\n\n\n\n<p>Alto est un poney de 14 ans, \u00e0 la fois malicieux et attentif. Il s&rsquo;adonne avec plaisir au sulki, aux balades en main, et il est \u00e9galement un formidable partenaire de m\u00e9diation animale. Que ce soit aupr\u00e8s des enfants ou des personnes \u00e2g\u00e9es, Alto apporte douceur, bienveillance et convivialit\u00e9. <\/p>\n<\/div>\n<\/div>\n\n\n\n<div class=\"wp-block-columns has-ti-fg-color has-ti-bg-background-color has-text-color has-background has-link-color wp-elements-9a412548271d00d7472384fd076542c8 is-layout-flex wp-container-core-columns-is-layout-83d8d5f7 wp-block-columns-is-layout-flex\" style=\"padding-top:0;padding-right:0;padding-bottom:0;padding-left:0\">\n<div class=\"wp-block-column is-layout-flow wp-block-column-is-layout-flow\" style=\"flex-basis:40%\">\n<figure class=\"wp-block-image size-full has-custom-border\"><img loading=\"lazy\" decoding=\"async\" width=\"408\" height=\"421\" src=\"https:\/\/valerieandrerichiardi.fr\/wp-content\/uploads\/2026\/01\/IMG_20200904_120501.jpg\" alt=\"\" class=\"wp-image-116\" style=\"border-left-color:var(--wp--preset--color--ti-accent-secondary);border-left-width:16px;aspect-ratio:1;object-fit:cover\" srcset=\"https:\/\/valerieandrerichiardi.fr\/wp-content\/uploads\/2026\/01\/IMG_20200904_120501.jpg 408w, https:\/\/valerieandrerichiardi.fr\/wp-content\/uploads\/2026\/01\/IMG_20200904_120501-291x300.jpg 291w\" sizes=\"auto, (max-width: 408px) 100vw, 408px\" \/><\/figure>\n<\/div>\n\n\n\n<div class=\"wp-block-column is-vertically-aligned-center is-layout-flow wp-container-core-column-is-layout-e17ba290 wp-block-column-is-layout-flow\" style=\"padding-top:var(--wp--preset--spacing--60);padding-right:var(--wp--preset--spacing--40);padding-bottom:var(--wp--preset--spacing--60);padding-left:var(--wp--preset--spacing--40)\">\n<h3 class=\"wp-block-heading\">Smiley<\/h3>\n\n\n\n<p>Smiley est <\/p>\n<\/div>\n<\/div>\n\n\n\n<div class=\"wp-block-columns has-ti-fg-color has-ti-bg-background-color has-text-color has-background has-link-color wp-elements-5e712bf5484287c0f562cad226e974b5 is-layout-flex wp-container-core-columns-is-layout-83d8d5f7 wp-block-columns-is-layout-flex\" style=\"padding-top:0;padding-right:0;padding-bottom:0;padding-left:0\">\n<div class=\"wp-block-column is-layout-flow wp-block-column-is-layout-flow\" style=\"flex-basis:40%\">\n<figure class=\"wp-block-image size-full has-custom-border\"><img loading=\"lazy\" decoding=\"async\" width=\"512\" height=\"512\" src=\"https:\/\/valerieandrerichiardi.fr\/wp-content\/uploads\/2025\/09\/cropped-logo-valerie.png\" alt=\"\" class=\"wp-image-47\" style=\"border-left-color:var(--wp--preset--color--ti-accent-secondary);border-left-width:16px;aspect-ratio:1;object-fit:cover\" srcset=\"https:\/\/valerieandrerichiardi.fr\/wp-content\/uploads\/2025\/09\/cropped-logo-valerie.png 512w, https:\/\/valerieandrerichiardi.fr\/wp-content\/uploads\/2025\/09\/cropped-logo-valerie-300x300.png 300w, https:\/\/valerieandrerichiardi.fr\/wp-content\/uploads\/2025\/09\/cropped-logo-valerie-150x150.png 150w, https:\/\/valerieandrerichiardi.fr\/wp-content\/uploads\/2025\/09\/cropped-logo-valerie-270x270.png 270w, https:\/\/valerieandrerichiardi.fr\/wp-content\/uploads\/2025\/09\/cropped-logo-valerie-192x192.png 192w, https:\/\/valerieandrerichiardi.fr\/wp-content\/uploads\/2025\/09\/cropped-logo-valerie-180x180.png 180w, https:\/\/valerieandrerichiardi.fr\/wp-content\/uploads\/2025\/09\/cropped-logo-valerie-32x32.png 32w\" sizes=\"auto, (max-width: 512px) 100vw, 512px\" \/><\/figure>\n<\/div>\n\n\n\n<div class=\"wp-block-column is-vertically-aligned-center is-layout-flow wp-container-core-column-is-layout-e17ba290 wp-block-column-is-layout-flow\" style=\"padding-top:var(--wp--preset--spacing--60);padding-right:var(--wp--preset--spacing--40);padding-bottom:var(--wp--preset--spacing--60);padding-left:var(--wp--preset--spacing--40)\">\n<h3 class=\"wp-block-heading\">Un autre<\/h3>\n\n\n\n<p>Texte \u00e0 venir<\/p>\n<\/div>\n<\/div>\n\n\n\n<div class=\"wp-block-columns has-ti-fg-color has-ti-bg-background-color has-text-color has-background has-link-color wp-elements-5e712bf5484287c0f562cad226e974b5 is-layout-flex wp-container-core-columns-is-layout-83d8d5f7 wp-block-columns-is-layout-flex\" style=\"padding-top:0;padding-right:0;padding-bottom:0;padding-left:0\">\n<div class=\"wp-block-column is-layout-flow wp-block-column-is-layout-flow\" style=\"flex-basis:40%\">\n<figure class=\"wp-block-image size-full has-custom-border\"><img loading=\"lazy\" decoding=\"async\" width=\"512\" height=\"512\" src=\"https:\/\/valerieandrerichiardi.fr\/wp-content\/uploads\/2025\/09\/cropped-logo-valerie.png\" alt=\"\" class=\"wp-image-47\" style=\"border-left-color:var(--wp--preset--color--ti-accent-secondary);border-left-width:16px;aspect-ratio:1;object-fit:cover\" srcset=\"https:\/\/valerieandrerichiardi.fr\/wp-content\/uploads\/2025\/09\/cropped-logo-valerie.png 512w, https:\/\/valerieandrerichiardi.fr\/wp-content\/uploads\/2025\/09\/cropped-logo-valerie-300x300.png 300w, https:\/\/valerieandrerichiardi.fr\/wp-content\/uploads\/2025\/09\/cropped-logo-valerie-150x150.png 150w, https:\/\/valerieandrerichiardi.fr\/wp-content\/uploads\/2025\/09\/cropped-logo-valerie-270x270.png 270w, https:\/\/valerieandrerichiardi.fr\/wp-content\/uploads\/2025\/09\/cropped-logo-valerie-192x192.png 192w, https:\/\/valerieandrerichiardi.fr\/wp-content\/uploads\/2025\/09\/cropped-logo-valerie-180x180.png 180w, https:\/\/valerieandrerichiardi.fr\/wp-content\/uploads\/2025\/09\/cropped-logo-valerie-32x32.png 32w\" sizes=\"auto, (max-width: 512px) 100vw, 512px\" \/><\/figure>\n<\/div>\n\n\n\n<div class=\"wp-block-column is-vertically-aligned-center is-layout-flow wp-container-core-column-is-layout-e17ba290 wp-block-column-is-layout-flow\" style=\"padding-top:var(--wp--preset--spacing--60);padding-right:var(--wp--preset--spacing--40);padding-bottom:var(--wp--preset--spacing--60);padding-left:var(--wp--preset--spacing--40)\">\n<h3 class=\"wp-block-heading\">Un autre<\/h3>\n\n\n\n<p>Texte \u00e0 venir<\/p>\n<\/div>\n<\/div>\n<\/div>\n","protected":false},"excerpt":{"rendered":"<p>Oslo Oslo est un chien de 5 ans, crois\u00e9 border collie et berger australien. Doux, patient et attentionn\u00e9, il excelle dans la m\u00e9diation animale aupr\u00e8s des enfants en situation de handicap et des personnes \u00e2g\u00e9es. \u00c0 travers des jeux adapt\u00e9s, Oslo aide \u00e0 renforcer l\u2019estime de soi et la confiance en soi. Son \u00e9coute et [&hellip;]<\/p>\n","protected":false},"author":1,"featured_media":0,"parent":0,"menu_order":0,"comment_status":"closed","ping_status":"closed","template":"","meta":{"footnotes":""},"class_list":["post-60","page","type-page","status-publish","hentry"],"_links":{"self":[{"href":"https:\/\/valerieandrerichiardi.fr\/index.php\/wp-json\/wp\/v2\/pages\/60","targetHints":{"allow":["GET"]}}],"collection":[{"href":"https:\/\/valerieandrerichiardi.fr\/index.php\/wp-json\/wp\/v2\/pages"}],"about":[{"href":"https:\/\/valerieandrerichiardi.fr\/index.php\/wp-json\/wp\/v2\/types\/page"}],"author":[{"embeddable":true,"href":"https:\/\/valerieandrerichiardi.fr\/index.php\/wp-json\/wp\/v2\/users\/1"}],"replies":[{"embeddable":true,"href":"https:\/\/valerieandrerichiardi.fr\/index.php\/wp-json\/wp\/v2\/comments?post=60"}],"version-history":[{"count":10,"href":"https:\/\/valerieandrerichiardi.fr\/index.php\/wp-json\/wp\/v2\/pages\/60\/revisions"}],"predecessor-version":[{"id":130,"href":"https:\/\/valerieandrerichiardi.fr\/index.php\/wp-json\/wp\/v2\/pages\/60\/revisions\/130"}],"wp:attachment":[{"href":"https:\/\/valerieandrerichiardi.fr\/index.php\/wp-json\/wp\/v2\/media?parent=60"}],"curies":[{"name":"wp","href":"https:\/\/api.w.org\/{rel}","templated":true}]}}