{"id":18,"date":"2025-09-19T11:26:22","date_gmt":"2025-09-19T09:26:22","guid":{"rendered":"http:\/\/localhost:8888\/wordpress\/?page_id=18"},"modified":"2025-09-19T11:26:22","modified_gmt":"2025-09-19T09:26:22","slug":"la-zootherapie-cest-quoi","status":"publish","type":"page","link":"https:\/\/valerieandrerichiardi.fr\/index.php\/la-zootherapie-cest-quoi\/","title":{"rendered":"La Zooth\u00e9rapie, c&rsquo;est quoi ?"},"content":{"rendered":"\n<h2 class=\"wp-block-heading\">D\u00e9finition et but<\/h2>\n\n\n\n<p>Selon l&rsquo;Institut Fran\u00e7ais de Zooth\u00e9rapie : \u00ab la zooth\u00e9rapie se d\u00e9finit comme une m\u00e9diation qui s&rsquo;exerce en individuel ou en groupe \u00e0 l&rsquo;aide d&rsquo;un animal familier consciencieusement s\u00e9lectionn\u00e9 et \u00e9duqu\u00e9 sous la responsabilit\u00e9 d&rsquo;un professionnel appel\u00e9 \u00ab le zooth\u00e9rapeute \u00bb dans l&rsquo;environnement imm\u00e9diat de personnes pour lesquelles l&rsquo;on recherche \u00e0 \u00e9veiller des r\u00e9actions visant \u00e0 maintenir ou \u00e0 am\u00e9liorer le potentiel cognitif, physique, psychosocial ou affectif \u00bb. Le but de la zooth\u00e9rapie est de maintenir les capacit\u00e9s des personnes souffrant de divers troubles, aussi bien physiques que cognitifs, psychologiques ou sociaux.<\/p>\n\n\n\n<h2 class=\"wp-block-heading\">Objectifs th\u00e9rapeutiques<\/h2>\n\n\n\n<p>Elle se pratique aussi bien \u00e0 domicile qu\u2019en structure avec divers objectifs selon l\u2019endroit :<\/p>\n\n\n\n<p><strong>Au domcile :<\/strong><\/p>\n\n\n\n<ul class=\"wp-block-list\">\n<li>Maintenir l\u2019autonomie de la personne en s\u2019appuyant sur ses capacit\u00e9s.<\/li>\n\n\n\n<li>Permet de rester dans les habitudes de vie et de garder les rep\u00e8res de la personne tout en travaillant la sortie vers l\u2019ext\u00e9rieur (sortir de l\u2019isolement, resociabilisation).<\/li>\n\n\n\n<li>R\u00e9pit de l\u2019aidant (pendant ce temps, il peut prendre du temps pour lui), l\u2019aider \u00e0 avoir un regard diff\u00e9rent c&rsquo;est-\u00e0-dire voir son proche autrement : mettre l\u2019accent sur ses capacit\u00e9s et non ses difficult\u00e9s.<\/li>\n\n\n\n<li>Limiter le probl\u00e8me du transport (Je me d\u00e9place, ce qui \u00e9vite l\u2019organisation de celui-ci).<\/li>\n\n\n\n<li>Rompre l\u2019isolement, diminuer les affects d\u00e9pressifs voire le risque suicidaire.<\/li>\n\n\n\n<li>S\u00e9ance individuelle : adapt\u00e9e aux besoins sp\u00e9cifiques de la personne.<\/li>\n\n\n\n<li>Comprendre et analyser de mani\u00e8re encore plus individualis\u00e9e (qu\u2019en groupe) les r\u00e9sultats des s\u00e9ances par rapport aux objectifs initialement fix\u00e9s.<\/li>\n\n\n\n<li>Permet de rencontrer et de collaborer avec les diff\u00e9rents intervenants \u00e0 domicile, de travailler en partenariat avec eux sur l\u2019acceptation des aides d\u2019un soin, en \u00e9tablissant une relation de confiance ou encore par le rel\u00e2chement des tensions corporelles (personnes hypertendues) via le contact rassurant et calmant de l\u2019animal.<\/li>\n\n\n\n<li>De travailler sur la communication non-verbale : \u00eatre en lien autrement que par les mots (verbal) par le toucher, le regard etc.<\/li>\n<\/ul>\n\n\n\n<p><strong>En structure :<\/strong><\/p>\n\n\n\n<ul class=\"wp-block-list\">\n<li>Maintenir l\u2019autonomie de la personne en s\u2019appuyant sur ses capacit\u00e9s.<\/li>\n\n\n\n<li>Avoir la dynamique du groupe tout en gardant un objectif individualis\u00e9 pour chacun et donc une autre approche: Le plus inhib\u00e9 peut prendre appui sur le plus expressif, le groupe va permettre dans certaines situations l\u2019imitation et l\u2019identification aux autres, pour pouvoir ensuite se l\u2019approprier \u00e0 sa fa\u00e7on, le rire contagieux parfois, le plaisir partag\u00e9 autour d\u2019une m\u00e9diation commune&#8230;<\/li>\n\n\n\n<li>Rompre la solitude : permettre \u00e0 la personne de sortir de sa chambre, d\u2019accepter de participer \u00e0 une s\u00e9ance, d\u2019\u00eatre en petit groupe uniforme et donc de faire des rencontres et garder des liens sociaux.<\/li>\n\n\n\n<li>Comprendre et analyser les r\u00e9sultats des s\u00e9ances par rapport aux objectifs initialement fix\u00e9s.<\/li>\n\n\n\n<li>Permettre lors d\u2019un accueil d\u2019une personne en accueil temporaire ou en adaptation de faire connaissance avec les autres r\u00e9sidents.<\/li>\n\n\n\n<li>Rompre la solitude : permettre \u00e0 la personne de sortir de sa chambre, d\u2019accepter de participer \u00e0 une s\u00e9ance, d\u2019\u00eatre en petit groupe uniforme et donc de faire des rencontres et garder des liens sociaux.<\/li>\n\n\n\n<li>Comprendre et analyser de mani\u00e8re encore plus individualis\u00e9e (qu\u2019en groupe) les r\u00e9sultats des s\u00e9ances par rapport aux objectifs initialement fix\u00e9s.<\/li>\n\n\n\n<li>Permettre aux personnes qui ont des probl\u00e8mes de langage, de passer par le biais du non-verbal pour \u00eatre en relation avec l\u2019animal, mais aussi entre elles.<\/li>\n<\/ul>\n\n\n\n<h2 class=\"wp-block-heading\">Diff\u00e9rents professionnels en zooth\u00e9rapie<\/h2>\n\n\n\n<p><strong>L&rsquo;intervenant en zooth\u00e9rapie<\/strong>&nbsp;est une personne qui a une formation de base (dipl\u00f4m\u00e9e) dans le domaine p\u00e9dagogique, social ou de la sant\u00e9 (exemple : \u00e9ducateurs pour les personnes handicap\u00e9es ou en difficult\u00e9 sociale, infirmi\u00e8res) mais qui n&rsquo;est pas pr\u00e9cis\u00e9ment th\u00e9rapeute et qui a fait une sp\u00e9cialisation en zooth\u00e9rapie.<\/p>\n\n\n\n<p><strong>Le zooth\u00e9rapeute<\/strong>&nbsp;est un th\u00e9rapeute form\u00e9 (dipl\u00f4m\u00e9) en th\u00e9rapie (exemple : physioth\u00e9rapie, kin\u00e9sith\u00e9rapie, ergoth\u00e9rapie, psychoth\u00e9rapie, etc.) Qui a une sp\u00e9cialisation en zooth\u00e9rapie et qui a ainsi introduit l&rsquo;animal dans sa pratique professionnelle.<\/p>\n\n\n\n<p><strong>Les animaux utilis\u00e9s en zooth\u00e9rapie<\/strong>\u00a0Les principaux animaux que l\u2019on retrouve dans la zooth\u00e9rapie Le chien \u2013 le cheval de trait \u2013 le poney &#8211; l\u2019\u00e2ne \u2013 la ch\u00e8vre des Pyr\u00e9n\u00e9es ou du Poitou &#8211; Le lama &#8211; le lapin nain \u2013 le cochon d\u2019inde &#8211; le chat \u2013 le dauphin (selon l\u2019Institut Fran\u00e7ais de Zooth\u00e9rapie).<\/p>\n\n\n\n<p><\/p>\n","protected":false},"excerpt":{"rendered":"<p>D\u00e9finition et but Selon l&rsquo;Institut Fran\u00e7ais de Zooth\u00e9rapie : \u00ab la zooth\u00e9rapie se d\u00e9finit comme une m\u00e9diation qui s&rsquo;exerce en individuel ou en groupe \u00e0 l&rsquo;aide d&rsquo;un animal familier consciencieusement s\u00e9lectionn\u00e9 et \u00e9duqu\u00e9 sous la responsabilit\u00e9 d&rsquo;un professionnel appel\u00e9 \u00ab le zooth\u00e9rapeute \u00bb dans l&rsquo;environnement imm\u00e9diat de personnes pour lesquelles l&rsquo;on recherche \u00e0 \u00e9veiller des [&hellip;]<\/p>\n","protected":false},"author":1,"featured_media":0,"parent":0,"menu_order":0,"comment_status":"closed","ping_status":"closed","template":"","meta":{"footnotes":""},"class_list":["post-18","page","type-page","status-publish","hentry"],"_links":{"self":[{"href":"https:\/\/valerieandrerichiardi.fr\/index.php\/wp-json\/wp\/v2\/pages\/18","targetHints":{"allow":["GET"]}}],"collection":[{"href":"https:\/\/valerieandrerichiardi.fr\/index.php\/wp-json\/wp\/v2\/pages"}],"about":[{"href":"https:\/\/valerieandrerichiardi.fr\/index.php\/wp-json\/wp\/v2\/types\/page"}],"author":[{"embeddable":true,"href":"https:\/\/valerieandrerichiardi.fr\/index.php\/wp-json\/wp\/v2\/users\/1"}],"replies":[{"embeddable":true,"href":"https:\/\/valerieandrerichiardi.fr\/index.php\/wp-json\/wp\/v2\/comments?post=18"}],"version-history":[{"count":1,"href":"https:\/\/valerieandrerichiardi.fr\/index.php\/wp-json\/wp\/v2\/pages\/18\/revisions"}],"predecessor-version":[{"id":19,"href":"https:\/\/valerieandrerichiardi.fr\/index.php\/wp-json\/wp\/v2\/pages\/18\/revisions\/19"}],"wp:attachment":[{"href":"https:\/\/valerieandrerichiardi.fr\/index.php\/wp-json\/wp\/v2\/media?parent=18"}],"curies":[{"name":"wp","href":"https:\/\/api.w.org\/{rel}","templated":true}]}}